{"id":87,"date":"2020-07-20T02:33:57","date_gmt":"2020-07-20T02:33:57","guid":{"rendered":"https:\/\/www.floraproject.org\/website\/?page_id=87"},"modified":"2023-11-25T01:56:53","modified_gmt":"2023-11-25T01:56:53","slug":"publications","status":"publish","type":"page","link":"http:\/\/floraproject.org\/website\/publications\/","title":{"rendered":"Publications"},"content":{"rendered":"\n<p><strong>Journal Papers<\/strong><\/p>\n\n\n\n<p>[1] Lim, L., Bannert, M., van der Graaf, J., Molenaar, I., Fan, Y., Kilgour, J., Moore, J. and Ga\u0161evi\u0107, D. (2021). Temporal Assessment of Self-Regulated Learning by Mining Students\u2019 Think-Aloud Protocols.&nbsp;<em>Frontiers in Psychology<\/em>, 12. [<a href=\"https:\/\/www.frontiersin.org\/articles\/10.3389\/fpsyg.2021.749749\/full\" data-type=\"URL\" data-id=\"https:\/\/www.frontiersin.org\/articles\/10.3389\/fpsyg.2021.749749\/full\" target=\"_blank\" rel=\"noreferrer noopener\">View pdf<\/a>]<\/p>\n\n\n\n<p>[2] van der Graaf, J., Lim, L., Fan, Y., Kilgour, J., Moore, J., Ga\u0161evi\u0107, D., <meta charset=\"utf-8\">Bannert, M., &amp; Molenaar, I. (2022). The dynamics between self-regulated learning and learning outcomes: An exploratory approach and implications. &nbsp;<em>Metacognition and Learning<\/em>, 1-27. https:\/\/doi.org\/10.1007\/s11409-022-09308-9 [<a href=\"http:\/\/floraproject.org\/website\/wp-content\/uploads\/2023\/01\/s11409-022-09308-9.pdf\" data-type=\"URL\" data-id=\"http:\/\/floraproject.org\/website\/wp-content\/uploads\/2023\/01\/s11409-022-09308-9.pdf\" target=\"_blank\" rel=\"noreferrer noopener\">View pdf<\/a>]<\/p>\n\n\n\n<p>[3] Fan, Y., van der Graaf, J., Lim, L<em>.,<\/em> <meta charset=\"utf-8\">Rakovi\u0107, M., <meta charset=\"utf-8\">Singh, S., Kilgour, J., Moore, J., Molenaar, I., Bannert, M., &amp; Ga\u0161evi\u0107, D.&nbsp;Towards investigating the validity of measurement of self-regulated learning based on trace data.&nbsp;<em>Metacognition Learning<\/em>&nbsp;(2022). https:\/\/doi.org\/10.1007\/s11409-022-09291-1 <meta charset=\"utf-8\">[<a rel=\"noreferrer noopener\" href=\"http:\/\/floraproject.org\/website\/wp-content\/uploads\/2022\/05\/2022_Metacognition-and-Learning_Towards-investigating-the-validity-of-measurement-of-self-regulated-learning-based-on-trace-data.pdf\" target=\"_blank\">View pdf<\/a>]<\/p>\n\n\n\n<p>[4] &nbsp;Fan, Y., Lim, L<em>.,<\/em>&nbsp;van der Graaf, J., Kilgour, J., Rakovi\u0107, M., Moore, J., Molenaar, I., Bannert, M., &amp; Ga\u0161evi\u0107, D.&nbsp;Improving the measurement of self\u2011regulated learning using multi\u2011channel data.&nbsp;<em>Metacognition Learning<\/em>&nbsp;(2022). https:\/\/doi.org\/10.1007\/s11409-022-09304-z [<a rel=\"noreferrer noopener\" href=\"http:\/\/floraproject.org\/website\/wp-content\/uploads\/2022\/06\/2022_Metacognition-and-Learning_Improving-the-measurement-of-self-regulated-learning-using-multi-channel-data.pdf\" target=\"_blank\">View pdf<\/a>]<\/p>\n\n\n\n<p>[5] Lim, L., Bannert, M., van der Graaf, J., Singh, S., Fan, Y., Surendrannair, S., Rakovi\u0107, M., Molenaar, I., <meta charset=\"utf-8\">Moore, J. , Ga\u0161evi\u0107, D. (2023). Effects of real-time analytics-based personalized scaffolds on students\u2019 self-regulated learning. <em>Computers in Human Behavior<\/em>, 139, 107547. doi:10.1016\/j.chb.2022.107547 <meta charset=\"utf-8\">[<a href=\"https:\/\/www.sciencedirect.com\/science\/article\/pii\/S0747563222003673\" data-type=\"URL\" data-id=\"https:\/\/www.sciencedirect.com\/science\/article\/pii\/S0747563222003673\" target=\"_blank\" rel=\"noreferrer noopener\">View pdf<\/a>]<\/p>\n\n\n\n<p>[6] Rakovi\u0107, M., Iqbal, S., Li, T., Fan, Y., Singh, S., Surendrannair, S., Kilgour, J., van Der Graaf, Joep., Lim, L., Molenaar, I., <meta charset=\"utf-8\">Bannert, M. &amp; Ga\u0161evi\u0107, D. (2022). Harnessing the potential of trace data and linguistic analysis to predict learner performance in a multi\u2010text writing task.&nbsp;<em>Journal of Computer Assisted Learning<\/em>. <a href=\"https:\/\/doi.org\/10.1111\/jcal.12769\">https:\/\/doi.org\/10.1111\/jcal.12769<\/a> [View pdf]<\/p>\n\n\n\n<p>[7] Fan, Y., Rakovic, M., van Der Graaf, J., Lim, L., Singh, S., Moore, J., <meta charset=\"utf-8\">Molenaar, I., <meta charset=\"utf-8\">Bannert, M. &amp; Ga\u0161evi\u0107, D. (2023). Towards a fuller picture: Triangulation and integration of the measurement of self\u2010regulated learning based on trace and think aloud data. Journal of Computer Assisted Learning. doi:https:\/\/onlinelibrary.wiley.com\/doi\/full\/10.1111\/jcal.12801 [<a rel=\"noreferrer noopener\" href=\"http:\/\/floraproject.org\/website\/wp-content\/uploads\/2023\/05\/Computer-Assisted-Learning-2023-Fan-Towards-a-fuller-picture-Triangulation-and-integration-of-the-measurement-of-1.pdf\" data-type=\"URL\" data-id=\"http:\/\/floraproject.org\/website\/wp-content\/uploads\/2023\/05\/Computer-Assisted-Learning-2023-Fan-Towards-a-fuller-picture-Triangulation-and-integration-of-the-measurement-of-1.pdf\" target=\"_blank\">View pdf<\/a>]<\/p>\n\n\n\n<p>[8] van der Graaf, J., Rakovi\u0107, M., Fan, Y., Lim, L., Singh, S., Bannert, M., Ga\u0161evi\u0107, D., &amp; Molenaar, I. (2023). How to design and evaluate personalized scaffolds for self-regulated learning. <em>Metacognition and Learning. <\/em><a href=\"https:\/\/doi.org\/10.1007\/s11409-023-09361-y\">DOI:10.1007\/s11409-023-09361-y<\/a><\/p>\n\n\n\n<p>[9] Lim, L., Bannert, M., Van der Graaf, J., Fan, Y., Rakovi\u0107, M., Singh, S., Molenaar, I., &amp; Ga\u0161evi\u0107, D. (in press). How do students learn with real-time personalized scaffolds? <em>British Journal of Educational Technology.<\/em><\/p>\n\n\n\n<p>[10] Li, T., Fan, Y., Tan, Y., Wang, Y., Singh, S., Li, X., Rakovi\u0107, M., Lim, L., Yang, B., Molenaar, I., Bannert, M., Moore, J., Swiecki, Z., Tsai, Y., Shaffer, D. W., &amp; Ga\u0161evi\u0107, D. (2023). Analytics of self-regulated learning scaffolding: Effects on learning processes. <em>Frontiers in Psychology<\/em>, <em>14<\/em>, 1206696. <a href=\"https:\/\/doi.org\/10.3389\/fpsyg.2023.1206696\">DOI:10.3389\/fpsyg.2023.1206696<\/a><\/p>\n\n\n\n<p>[11] van der Graaf, J., Taub, M. &amp; Fan, Y. Introduction to special issue on facilitating self-regulated learning with scaffolds: Recent advances and future directions. <em>Metacognition Learning<\/em> (2023). <a href=\"https:\/\/doi.org\/10.1007\/s11409-023-09364-9\">https:\/\/doi.org\/10.1007\/s11409-023-09364-9<\/a><\/p>\n\n\n\n<p><strong>Conference Papers<\/strong><\/p>\n\n\n\n<p>[1]  Rakovi\u0107, M., Fan, Y., van der Graaf, J., Singh, S., Kilgour, J., Lim, L., Moore, J., Bannert, M., Molenaar, I. and Ga\u0161evi\u0107, D. (2022, March).<strong> <\/strong><em>Using Learner Trace Data to Understand Metacognitive Processes in Writing from Multiple Sources<\/em>&nbsp;In Proceedings of the 12th International Conference on Learning Analytics &amp; Knowledge (pp. 130-141). [<a rel=\"noreferrer noopener\" href=\"https:\/\/drive.google.com\/file\/d\/1fP1eom1wRS1RNpFMSl4DETE_QFDzIcLQ\/view\" data-type=\"URL\" data-id=\"https:\/\/drive.google.com\/file\/d\/1fP1eom1wRS1RNpFMSl4DETE_QFDzIcLQ\/view\" target=\"_blank\">View pdf<\/a>]<meta charset=\"utf-8\"><\/p>\n\n\n\n<p>[2] Srivastava, N., Fan , Y., Rakovi\u0107, M., Singh, S., Jovanovic, J., van der Graaf, J., Lim, L., Surendrannair, S., Kilgour, J., Molenaar,  I., Bannert, M., Moore, J., and Ga\u0161evi\u0107, D. (2022, March).<strong> <\/strong><em>Effects of Internal and External Conditions on Strategies of Self-regulated Learning: A Learning Analytics Study<\/em>&nbsp;In Proceedings of the 12th International Conference on Learning Analytics &amp; Knowledge (pp. 392-402). [<a href=\"https:\/\/drive.google.com\/file\/d\/1-7lvB6AtUKpdhsHNzaUtXKNzTUw18kdv\/view\" data-type=\"URL\" data-id=\"https:\/\/drive.google.com\/file\/d\/1-7lvB6AtUKpdhsHNzaUtXKNzTUw18kdv\/view\" target=\"_blank\" rel=\"noreferrer noopener\">View pdf<\/a>]<\/p>\n\n\n\n<p>[3] van der Graaf, J., Molenaar, Lim L., I., Fan, Y.,Kilgour, J., Moore, J., Gasevic, D. &amp; Bannert, M. (2021, April). <em>Do Instrumentation Tools Capture Self-Regulated Learning?<\/em> In Proceedings of the 11th International Conference on Learning Analytics &amp; Knowledge (pp. 438-448). [<a rel=\"noreferrer noopener\" href=\"https:\/\/www.floraproject.org\/website\/wp-content\/uploads\/2021\/08\/lak21_graaf.pdf\" target=\"_blank\">View pdf<\/a>]<\/p>\n\n\n\n<p>[4] Lim, L., van der Graaf, J., Fan, Y., Engelmann, K., Bannert, M., Molenaar, I., Gasevic, D. &amp; Moore, J. (2020, March). Triangulating Multimodal Data to Measure Self-Regulated Learning. In Companion Proceedings of the 10th International Conference on Learning Analytics &amp; Knowledge (pp.95-100). [<a rel=\"noreferrer noopener\" href=\"https:\/\/www.floraproject.org\/website\/wp-content\/uploads\/2021\/08\/LAK_Poster.pdf\" target=\"_blank\">View pdf<\/a>]<\/p>\n\n\n\n<p>[5] Fan, Y., Lim, L., van der Graaf, J., Kilgour, J., Engelmann, K., Bannert, M., Molenaar, I., Moore, J. &amp; Gasevic, D. (2020, March). Measuring Micro-Level Self-Regulated Learning Processes with Enhanced Log Data and Eye Tracking Data. In Companion Proceedings of the 10th International Conference on Learning Analytics &amp; Knowledge (pp.433-436). [<a rel=\"noreferrer noopener\" href=\"https:\/\/www.floraproject.org\/website\/wp-content\/uploads\/2021\/08\/2020_LAK_WORKSHOP.pdf\" target=\"_blank\">View pdf<\/a>]<\/p>\n\n\n\n<p><strong>Workshop Papers,<\/strong> <strong>Posters &amp; Demos<\/strong><\/p>\n\n\n\n<p>[1] van der Graaf, J., Molenaar, Lim L., I., Fan, Y.,Katharina E., Gasevic, D. &amp; Bannert, M. (2020, March). Facilitating Self-Regulated Learning with Personalized Scaffolds on Student\u2019s own Regulation Activities. In Companion Proceedings of the 10th International Conference on Learning Analytics &amp; Knowledge (pp.478-480). [<a rel=\"noreferrer noopener\" href=\"https:\/\/www.floraproject.org\/website\/wp-content\/uploads\/2021\/08\/CrossMMLA_2020_paper_9.pdf\" target=\"_blank\">View pdf<\/a>]<\/p>\n\n\n\n<p>[2] Singh, S., Rakovic, M., Lim, K.P., van der Graaf, J., Fan, Y.,Kilgour, J., Bannert, M., Molenaar, I., Gasevic, D. &amp; Moore, J. (2021, April). Using Enhanced Learner-facing Visual Interfaces to support Self-regulated Learning. In Companion Proceedings of the 11th International Conference on Learning Analytics &amp; Knowledge (pp. 61-63). [<a rel=\"noreferrer noopener\" href=\"https:\/\/www.floraproject.org\/website\/wp-content\/uploads\/2021\/08\/lak21_singh.pdf\" target=\"_blank\">View pdf<\/a>]<\/p>\n\n\n\n<p>[3] Lim, L., van der Graaf, J., Fan, Y., Engelmann, K., Bannert, M., Molenaar, I., Gasevic, D., &amp; Moore, J. (2020, March).\u00a0<em>Triangulating Multimodal Data to Measure Self-Regulated Learning.\u00a0<\/em>Poster presentation at the 10th International Learning Analytics &amp; Knowledge Conference, Frankfurt, Germany, March 23-27, 2020.<\/p>\n\n\n\n<p>[4] van der Graaf, J., Molenaar, I., Lim, L., Fan, Y., Engelmann, K., Ga\u0161evi\u0107, D., Bannert, M. (2020, March). <em>Facilitating self-regulated learning with personalized scaffolds on student\u2019s own regulation activities<\/em>. CrossMMLA in practice workshop at the 10th International Learning Analytics &amp; Knowledge Conference, Frankfurt, Germany, March 23-27, 2020.<\/p>\n\n\n\n<p>[5] Fan, Y., Lim, L., van der Graaf, J., Kilgour, J., Engelmann, K., Bannert, M., Molenaar, I., Moore, J., &amp; Gasevic, D. (2020, March). <em>Measuring Micro-Level Self-Regulated Learning Processes with Enhanced Log Data and Eye Tracking Data<\/em>. In Companion Proceedings 10th International Conference on Learning Analytics &amp; Knowledge (LAK20). 433\u2013436.<\/p>\n\n\n\n<p>[6] Joep van der Graaf, Inge Molenaar (2019, September). <em>Facilitating self-regulated learning with personalized scaffolds on student\u2019s own regulation activities<\/em>. CrossMMLA in practice workshop at the 14th European Conference on Technology Enhanced Learning, Delft, the Netherlands, September 16-17, 2020.<\/p>\n\n\n\n<p>[7] Lim, K.P., Engelmann, K., Bannert, M. (2019, August).\u00a0<em>Self-regulated learning and feedback on students&#8217; learning processes<\/em>. Poster presentation at the JURE Pre-conference of the 18th Biennial EARLI Conference for Research on Learning and Instruction, Aachen, Germany, August 12-16, 2019.<\/p>\n\n\n\n<p>[8] Singh, S., Fan, Y., van der Graaf, J., Rakovic, M., Lim, L. ,Kilgour, J., Bannert, M., Molenaar, I., Gasevic, D. &amp; Moore, J . <em>Workshop on the Instrumentation and Feedback for Self-Regulated Learning<\/em><span style=\"color: var(--nv-text-color); font-family: Graphik,-apple-system,BlinkMacSystemFont,Segoe UI,var(--nv-fallback-ff); background-color: var(--nv-site-bg);\">. EC-TEL 2022, 12th September 2022, Toulouse , France.<\/span> <span style=\"color: var(--nv-text-color); font-family: Graphik,-apple-system,BlinkMacSystemFont,Segoe UI,var(--nv-fallback-ff); background-color: var(--nv-site-bg);\">URL: <a rel=\"noreferrer noopener\" href=\"https:\/\/sites.google.com\/monash.edu\/ectel22-workshop-srl\" target=\"_blank\">https:\/\/sites.google.com\/monash.edu\/ectel22-workshop-srl<\/a><\/span><\/p>\n\n\n\n<p><meta charset=\"utf-8\">[9] Fan, Y., Rakovic, M., Singh, S., Wiedbusch, M., Dever, D., Li, X., van der Graaf, J., Lim, L. , Molenaar, I., Bannert, M., Azevedo R. &amp; Gasevic, D. (2022, March). <em>LAK23 Trace-SRL: The Workshop on Measuring and Facilitating Self-regulated Learning based on Trace data<\/em>. In Companion Proceedings of 13th International Learning Analytics and Knowledge Conference (LAK23) (pp. 283-287). URL: <a rel=\"noreferrer noopener\" href=\"https:\/\/sites.google.com\/monash.edu\/lak23-trace-srl\" target=\"_blank\">https:\/\/sites.google.com\/monash.edu\/lak23-trace-srl<\/a><\/p>\n\n\n\n<p><strong>Symposiums<\/strong><\/p>\n\n\n\n<p><meta charset=\"utf-8\">[1] Fan, Y., Li, T., Tan, Y., Rakovic, M., van der Graaf, J., Lim, L., Singh, S., Moore, J., Molenaar, I., Bannert, M., &amp; Ga\u0161evi\u0107, D. (2023, August). <em>Evaluating the Effectiveness of Personalized Scaffoldings on SRL using Ordered Network Analysis.<\/em> Paper presented at the 20th Biennial EARLI Conference for Research on Learning and Instruction, Thessaloniki, Greece, August 22-26, 2023.<\/p>\n\n\n\n<p><meta charset=\"utf-8\">[2] Fan, Y., Rakovic, M., van der Graaf, J., Lim, L., Singh, S., Moore, J., Molenaar, I., Bannert, M., &amp; Ga\u0161evi\u0107, D. (2023, August). Triangulation and Integration of Measuring Self-regulated Learning with Trace and Think Aloud Data. In L. von Keyserlingk (Chair), <em>Self-regulated Learning at Different Levels of Granularity: From Single Lessons to Entire Lectures<\/em>. Symposium presented at the 20th Bienial EARLI Conference for Research on Learning and Instruction, Thessaloniki, Greece, August 22-26, 2023.<\/p>\n\n\n\n<p><meta charset=\"utf-8\">[3] Lim, L., Bannert, M., van der Graaf, J., Fan, Y., Rakovic, M., Singh, S., Molenaar, I, Moore, J., &amp; Ga\u0161evi\u0107, D. (2023, August). Investigating How Real-Time Personalized Scaffolds Influence Self-Regulated Learning Processes. In R. Azevedo &amp; M. Bannert (Chairs), <em>Advancing Self-Regulated Learning Research with AI: Implications from Multimodal Trace Studies<\/em>. Symposium presented at the 20th Biennial EARLI Conference for Research on Learning and Instruction, Thessaloniki, Greece, August 22-26, 2023.<\/p>\n\n\n\n<p><meta charset=\"utf-8\">[4] Rakovic, M., Iqbal, S., Li, T., Fan, Y., Singh, S., Surendrannair, S., Kilgour, J., van der Graaf, J., Lim, L., Molenaar, I., Bannert, M., Moore, J., &amp; Ga\u0161evi\u0107, D. (2023, August). <em>Understanding and supporting writing processes with trace data.<\/em> Paper presented at the 20th Biennial EARLI Conference for Research on Learning and Instruction, Thessaloniki, Greece, August 22-26, 2023.<\/p>\n\n\n\n<p><meta charset=\"utf-8\">[5] van der Graaf, J., Lim, L., Fan, Y., Singh, S., Rakovic, M., Moore, J., Ga\u0161evi\u0107, D., Bannert, M., &amp; Molenaar, I. (2023, August). <em>The Effect of Generalised and Personalised Scaffolds on Self-Regulated Learning.<\/em> Paper presented at the 20th Biennial EARLI Conference for Research on Learning and Instruction, Thessaloniki, Greece, August 22-26, 2023.<\/p>\n\n\n\n<p><meta charset=\"utf-8\">[6] van der Graaf, J., Rakovic, M.,&nbsp; Fan, Y., Lim, L., Singh, S., Moore, J., Ga\u0161evi\u0107, D., Bannert, M., &amp; Molenaar, I. (2023, August). Using Learning Analytics and Artificial Intelligence (AI) to Scaffold Self-Regulated Learning. In L. Catrysse (Chair), <em>Process Measures in the era of Artificial Intelligence<\/em>. Symposium presented at the 20th Biennial EARLI Conference for Research on Learning and Instruction, Thessaloniki, Greece, August 22-26, 2023.<\/p>\n\n\n\n<p><meta charset=\"utf-8\">[7] Lyn Lim, Maria Bannert, Joep van der Graaf, Shaveen Singh, Yizhou Fan, Surya Surendrannair, Mladen Rakovic, Inge Molenaar, Johanna Moore, Dragan Ga\u0161evi\u0107. <em>Effects of Personalized Scaffolds on Self-Regulated Learning based on Students\u2019 Learning Processes.<\/em> In D. Ga\u0161evi\u0107 &amp; S. J\u00e4rvel\u00e4 (Chairs), <em>Supporting self-regulated learning with data analytics and artificial intelligence<\/em>. Symposium presented at the EARLI Special Interest Group 27, Southhampton, United Kingdom, August 30-September 1, 2022.<\/p>\n\n\n\n<p><meta charset=\"utf-8\">[8] Yizhou Fan, Yi-Shan Tsai, Tongguang Li, Shaveen Singh, Mladen Rakovi\u0107, Joep van der Graaf, Lyn Lim, Inge Molenaar, Maria Bannert, Johanna Moore and Dragan Ga\u0161evi\u0107. <em>When and why learners benefit from personalised scaffoldings for self-regulated learning: a qualitative study<\/em>. In D. Ga\u0161evi\u0107 &amp; S. J\u00e4rvel\u00e4 (Chairs), Supporting self-regulated learning with data analytics and artificial intelligence. Symposium presented at the EARLI Special Interest Group 27, Southhampton, United Kingdom, August 30-September 1, 2022.<\/p>\n\n\n\n<p>[9] Fan, Y., van der Graaf, J., Lim, L., Kilgour, J., Rakovic, M., Singh, S., Moore, J., Molenaar, I, Bannert, M., &amp; Gasevic, D. (2022, April). Toward Improving the Validity of Measurement of Self-Regulated Learning Based on Trace Data. In M. Bernacki (Chair), <em>Authenticating the signal: Validating Digital Traces of Student Learning Using Concurrent, Corroborating Data Sources<\/em>. Symposium presented at the Annual Meeting of the American Educational Research Association (AERA) \u201cCultivating Equitable Education Systems for the 21st Century\u201d, San Diego, California, April 21-26, 2022.<\/p>\n\n\n\n<p>[10] van der Graaf, J.: Symposium FLoRA: <span style=\"color:#2994c1\" class=\"has-inline-color\"><strong>New Ways of Measuring Self-Regulated Learning<\/strong> <\/span>(URL: https:\/\/www.earli.org\/EARLI2021)  <\/p>\n\n\n\n<p><em><strong>Chair:<\/strong><\/em><br>Joep van der Graaf, Radboud University Nijmegen, Netherlands<br><em>Organiser:<\/em><br>Joep van der Graaf, Radboud University Nijmegen, Netherlands<br><em>Discussant:<\/em><br>Philip Winne, Simon Fraser University, Canada<\/p>\n\n\n\n<p><em><span style=\"text-decoration: underline;\">Contributions:<\/span><\/em><\/p>\n\n\n\n<ul><li>Fan, Y., Lim, L., van der Graaf, J., Kilgour, J., Moore, J., Gasevic, D., Bannert, M., &amp; Molenaar, I. (2021, August 23-27). Improving the granularity for the measurement of self-regulated learning using multi-channel data. In J. van der Graaf (Chair), <em>New ways of measuring, analysing and scaffolding Self-Regulated Learning<\/em> [Symposium]. 19<sup>th<\/sup> Biennial EARLI Conference for Research on Learning and Instruction, Gothenburg, Sweden.<\/li><\/ul>\n\n\n\n<ul><li>Lim, L., Bannert, M., van der Graaf, J., Fan, Y., Kilgour, J., Molenaar, I, Moore, J., &amp; Gasevic, D. (2021, August 23-27). Understanding Self-Regulated Learning Processes through Process Mining. In J. van der Graaf (Chair), <em>New ways of measuring, analysing and scaffolding Self-Regulated Learning<\/em> [Symposium]. 19<sup>th<\/sup> Biennial EARLI Conference for Research on Learning and Instruction, Gothenburg, Sweden.<\/li><\/ul>\n\n\n\n<ul><li>van der Graaf, J., Lim, L., Fan, Y., Kilgour, J., Moore, J., Gasevic, D., Bannert, M., &amp; Molenaar, I. (2021, August 23-27). <em>How Self-Regulated Learning Affects Different Learning Outcomes.<\/em> In J. van der Graaf (Chair), <em>New ways of measuring, analysing and scaffolding Self-Regulated Learning<\/em> [Symposium]. 19<sup>th<\/sup>Biennial EARLI Conference for Research on Learning and Instruction, Gothenburg, Sweden<\/li><\/ul>\n\n\n\n<ul><li>Singh, S., Rakovic, M., Fan, Y., Lim, L., van der Graaf, J., Kilgour, J., Molenaar, I, Moore, J., Bannert, M., &amp; Gasevic, D. (2021, August 23-27). <em>Visualising student\u2019s learning strategies in online learning to support self-regulation.<\/em> In J. van der Graaf (Chair), <em>New ways of measuring, analysing and scaffolding Self-Regulated Learning<\/em> [Symposium]. 19<sup>th<\/sup> Biennial EARLI Conference for Research on Learning and Instruction, Gothenburg, Sweden.<\/li><\/ul>\n\n\n\n<p>[11] Bannert, M., Lim, L., van der Graaf, J., Fan, Y., Kilgour, J., Molenaar, I, Moore, J., &amp; Gasevic, D. (2021, August 23-27). Multimodal Data Analysis of Student\u2019s own Regulation Activities to Advance Personalized Scaffolds. In S. J\u00e4rvel\u00e4 (Chair), <em>Leveraging SRL research into intelligent learning technologies<\/em>[Symposium]. 19<sup>th<\/sup> Biennial EARLI Conference for Research on Learning and Instruction, Gothenburg, Sweden.<\/p>\n\n\n\n<p>[12] Lim, L., Bannert,&nbsp; M., van der Graaf, J., Molenaar, I.,&nbsp; Fan, Y. , Kilgour, J., Moore, J., &amp; Gasevic, D. (2021, May). <em>Understanding Self-Regulated Learning Processes Through Process Mining.<\/em> Presentation at the EARLI Special Interest Group 16 Online Meetings, May 11-27, 2021.<\/p>\n\n\n\n<p>[13] van der Graaf, J., Lim, L.,<strong> <\/strong>Fan, Y. , Kilgour, J., Moore, J., Ga\u0161evi\u0107, D., Bannert, M., &amp; Molenaar, I., (2021, May). <em>How Self-Regulated Learning Affects Different Learning Outcomes<\/em>. Presentation at the EARLI Special Interest Group 16 Online Meetings, May 11-27, 2021.<\/p>\n\n\n\n<p>[14] Fan, Y., Lim, L., Van der Graaf, J., Kilgour, J., Moore, J., Molenaar, I., Bannert, M., &amp; Ga\u0161evi\u0107, D. (2020, December).&nbsp;<em>Improving the measurement of self-regulated learning using multi-channel data.&nbsp;<\/em>Presentation at the EARLI Special Interest Group 27 Online Meetings, December 14-16, 2020.<\/p>\n\n\n\n<p>[15] Van der Graaf, J., Molenaar, I., Lim, L., Fan, Y., Kilgour, J., Moore, J., Ga\u0161evi\u0107, D., &amp; Bannert, M. (2020, December).&nbsp;<em>Online Measurement of Self-Regulated Learning with Instrumentation Tools and Eye tracking<\/em>. Presentation at the EARLI Special Interest Group 27 Online Meetings, December 14-16, 2020.<\/p>\n\n\n\n<p><\/p>\n\n\n\n<p><strong>Dissertation&nbsp;<\/strong><\/p>\n\n\n\n<p>Lim, L.<strong> <\/strong>(2023). <em>Scaffolding Self-Regulated Learning with Advanced Learning Technologies: Laying the Groundwork and Testing Effects of Personalized Scaffolds<\/em> [Doctoral dissertation, Technical University of Munich]. <a href=\"https:\/\/mediatum.ub.tum.de\/?id=1691349\">https:\/\/mediatum.ub.tum.de\/?id=1691349<\/a><\/p>\n","protected":false},"excerpt":{"rendered":"<p>Journal Papers [1] Lim, L., Bannert, M., van der Graaf, J., Molenaar, I., Fan, Y., Kilgour, J., Moore, J. and Ga\u0161evi\u0107, D. (2021). Temporal Assessment of Self-Regulated Learning by Mining Students\u2019 Think-Aloud Protocols.&nbsp;Frontiers in Psychology, 12. [View pdf] [2] van der Graaf, J., Lim, L., Fan, Y., Kilgour, J., Moore, J., Ga\u0161evi\u0107, D., Bannert, M.,&hellip;&nbsp;<a href=\"http:\/\/floraproject.org\/website\/publications\/\" class=\"\" rel=\"bookmark\">Read More &raquo;<span class=\"screen-reader-text\">Publications<\/span><\/a><\/p>\n","protected":false},"author":2,"featured_media":0,"parent":0,"menu_order":0,"comment_status":"closed","ping_status":"closed","template":"","meta":{"_eb_attr":"","neve_meta_sidebar":"full-width","neve_meta_container":"","neve_meta_enable_content_width":"off","neve_meta_content_width":100,"neve_meta_title_alignment":"","neve_meta_author_avatar":"","neve_post_elements_order":"","neve_meta_disable_header":"","neve_meta_disable_footer":"","neve_meta_disable_title":""},"_links":{"self":[{"href":"http:\/\/floraproject.org\/website\/wp-json\/wp\/v2\/pages\/87"}],"collection":[{"href":"http:\/\/floraproject.org\/website\/wp-json\/wp\/v2\/pages"}],"about":[{"href":"http:\/\/floraproject.org\/website\/wp-json\/wp\/v2\/types\/page"}],"author":[{"embeddable":true,"href":"http:\/\/floraproject.org\/website\/wp-json\/wp\/v2\/users\/2"}],"replies":[{"embeddable":true,"href":"http:\/\/floraproject.org\/website\/wp-json\/wp\/v2\/comments?post=87"}],"version-history":[{"count":51,"href":"http:\/\/floraproject.org\/website\/wp-json\/wp\/v2\/pages\/87\/revisions"}],"predecessor-version":[{"id":599,"href":"http:\/\/floraproject.org\/website\/wp-json\/wp\/v2\/pages\/87\/revisions\/599"}],"wp:attachment":[{"href":"http:\/\/floraproject.org\/website\/wp-json\/wp\/v2\/media?parent=87"}],"curies":[{"name":"wp","href":"https:\/\/api.w.org\/{rel}","templated":true}]}}